{"id":22765,"date":"2023-07-21T09:20:06","date_gmt":"2023-07-21T07:20:06","guid":{"rendered":"https:\/\/www.vitascampoli.it\/?page_id=22765"},"modified":"2025-06-20T20:46:31","modified_gmt":"2025-06-20T18:46:31","slug":"dove-siamo","status":"publish","type":"page","link":"https:\/\/www.vitascampoli.it\/?page_id=22765","title":{"rendered":"Dove siamo"},"content":{"rendered":"<p><div class=\"fusion-fullwidth fullwidth-box fusion-builder-row-1 fusion-flex-container has-pattern-background has-mask-background nonhundred-percent-fullwidth non-hundred-percent-height-scrolling\" style=\"--awb-border-radius-top-left:0px;--awb-border-radius-top-right:0px;--awb-border-radius-bottom-right:0px;--awb-border-radius-bottom-left:0px;--awb-flex-wrap:wrap;\" ><div class=\"fusion-builder-row fusion-row fusion-flex-align-items-flex-start fusion-flex-content-wrap\" style=\"max-width:1200px;margin-left: calc(-0% \/ 2 );margin-right: calc(-0% \/ 2 );\"><div class=\"fusion-layout-column fusion_builder_column fusion-builder-column-0 fusion_builder_column_1_1 1_1 fusion-flex-column\" style=\"--awb-bg-size:cover;--awb-width-large:100%;--awb-margin-top-large:0px;--awb-spacing-right-large:0%;--awb-margin-bottom-large:0px;--awb-spacing-left-large:0%;--awb-width-medium:100%;--awb-order-medium:0;--awb-spacing-right-medium:0%;--awb-spacing-left-medium:0%;--awb-width-small:100%;--awb-order-small:0;--awb-spacing-right-small:0%;--awb-spacing-left-small:0%;\"><div class=\"fusion-column-wrapper fusion-column-has-shadow fusion-flex-justify-content-flex-start fusion-content-layout-column\"><div class=\"fusion-text fusion-text-1\" style=\"--awb-user-select:auto;\"><h4>Siamo<strong> in Via Milano, 242 Baranzate (MI)<\/strong><\/h4>\n<h4><u>Orari di apertura:<\/u><\/h4>\n<p><b><u>Luned\u00ec :<\/u><\/b>apertura 15:30, chiusura 19:00<br \/>\n<strong><u>Marted\u00ec, Mercoled\u00ec, Venerd\u00ec e Sabato<\/u><\/strong> :apertura mattino 9:00, chiusura 12:30, pomeriggio apertura 15:30, chiusura 19:00<br \/>\n<u>Gioved\u00ec:<\/u> apertura 9:00, chiusura 12:30. <u><b>pomeriggio chiuso<\/b><\/u><\/p>\n<\/div><\/div><\/div><\/div><\/div><div id=\"dove siamo\" class=\"fusion-container-anchor\"><div class=\"fusion-fullwidth fullwidth-box fusion-builder-row-2 fusion-flex-container has-pattern-background has-mask-background nonhundred-percent-fullwidth non-hundred-percent-height-scrolling\" style=\"--awb-border-radius-top-left:0px;--awb-border-radius-top-right:0px;--awb-border-radius-bottom-right:0px;--awb-border-radius-bottom-left:0px;--awb-padding-top:0px;--awb-padding-right:0px;--awb-padding-bottom:0px;--awb-padding-left:0px;--awb-margin-top:0px;--awb-margin-bottom:0px;--awb-flex-wrap:wrap;\" ><div class=\"fusion-builder-row fusion-row fusion-flex-align-items-flex-start fusion-flex-align-content-flex-start fusion-flex-justify-content-space-between fusion-flex-content-wrap\" style=\"max-width:1200px;margin-left: calc(-0% \/ 2 );margin-right: calc(-0% \/ 2 );\"><div class=\"fusion-layout-column fusion_builder_column fusion-builder-column-1 fusion_builder_column_1_1 1_1 fusion-flex-column fusion-flex-align-self-center\" style=\"--awb-padding-bottom-small:0px;--awb-bg-size:cover;--awb-width-large:100%;--awb-margin-top-large:0px;--awb-spacing-right-large:0%;--awb-margin-bottom-large:0px;--awb-spacing-left-large:0%;--awb-width-medium:100%;--awb-order-medium:0;--awb-spacing-right-medium:0%;--awb-spacing-left-medium:0%;--awb-width-small:100%;--awb-order-small:0;--awb-spacing-right-small:0%;--awb-margin-bottom-small:2px;--awb-spacing-left-small:0%;\"><div class=\"fusion-column-wrapper fusion-column-has-shadow fusion-flex-justify-content-space-around fusion-content-layout-block\"><a class=\"fusion-modal-text-link\" href=\"#\">\n<div class=\"map-responsive\"><iframe style=\"border: 0;\" src=\"https:\/\/www.google.com\/maps\/embed?pb=!1m18!1m12!1m3!1d2795.1652960271344!2d9.10937587666676!3d45.5268791292539!2m3!1f0!2f0!3f0!3m2!1i1024!2i768!4f13.1!3m3!1m2!1s0x4786c01de978fb0d%3A0x303069a65cb56095!2sVia%20Milano%2C%20242%2C%2020021%20Baranzate%20MI!5e0!3m2!1sit!2sit!4v1689868810924!5m2!1sit!2sit\" width=\"100%\">allowfullscreen=&#8221;allowfullscreen&#8221;<\/iframe><\/div>\n<div style=\"text-align: center; margin-top: 0px; margin bottom 6px;\"><a style=\"display: inline-flex; align-items: center; justify-content: center; padding: 6px 17px; background-color: #e60000; color: white; text-decoration: none; border-radius: 5px; font-family: sans-serif; font-size: 14px; line-height: 1;\" href=\"https:\/\/www.google.com\/maps\/dir\/?api=1&amp;destination=Via+Milano+242,+Baranzate,+MI\" target=\"_blank\" rel=\"noopener\"><br \/>\n\ud83d\udccd Premi per  arrivare con Google Maps<br \/>\n<\/a><\/div>\n<\/a><div class=\"fusion-image-element fusion-image-align-center in-legacy-container\" style=\"text-align:center;--awb-margin-top:10px;--awb-caption-title-font-family:var(--h2_typography-font-family);--awb-caption-title-font-weight:var(--h2_typography-font-weight);--awb-caption-title-font-style:var(--h2_typography-font-style);--awb-caption-title-size:var(--h2_typography-font-size);--awb-caption-title-transform:var(--h2_typography-text-transform);--awb-caption-title-line-height:var(--h2_typography-line-height);--awb-caption-title-letter-spacing:var(--h2_typography-letter-spacing);\"><div class=\"imageframe-align-center\"><span class=\" fusion-imageframe imageframe-none imageframe-1 hover-type-none fusion-animated\" data-animationType=\"zoomIn\" data-animationDuration=\"1.5\" data-animationOffset=\"top-into-view\"><img decoding=\"async\" width=\"1720\" height=\"590\" title=\"Incrocio semaforico\" src=\"https:\/\/www.vitascampoli.it\/wp-content\/uploads\/2023\/07\/incrocio.png\" alt class=\"img-responsive wp-image-22770 disable-lazyload\" srcset=\"https:\/\/www.vitascampoli.it\/wp-content\/uploads\/2023\/07\/incrocio-200x69.png 200w, https:\/\/www.vitascampoli.it\/wp-content\/uploads\/2023\/07\/incrocio-400x137.png 400w, https:\/\/www.vitascampoli.it\/wp-content\/uploads\/2023\/07\/incrocio-600x206.png 600w, https:\/\/www.vitascampoli.it\/wp-content\/uploads\/2023\/07\/incrocio-800x274.png 800w, https:\/\/www.vitascampoli.it\/wp-content\/uploads\/2023\/07\/incrocio-1200x412.png 1200w, https:\/\/www.vitascampoli.it\/wp-content\/uploads\/2023\/07\/incrocio.png 1720w\" sizes=\"(max-width: 640px) 100vw, 1720px\" \/><\/span><\/div><\/div><\/div><\/div><\/div><\/div><\/div><\/p>\n","protected":false},"excerpt":{"rendered":"","protected":false},"author":1,"featured_media":0,"parent":0,"menu_order":0,"comment_status":"closed","ping_status":"closed","template":"","meta":{"footnotes":""},"class_list":["post-22765","page","type-page","status-publish","hentry"],"yoast_head":"<!-- This site is optimized with the Yoast SEO Premium plugin v26.7 (Yoast SEO v27.5) - https:\/\/yoast.com\/product\/yoast-seo-premium-wordpress\/ -->\n<title>Dove siamo - VitaScampoli<\/title>\n<meta name=\"robots\" content=\"index, follow, max-snippet:-1, max-image-preview:large, max-video-preview:-1\" \/>\n<link rel=\"canonical\" href=\"https:\/\/www.vitascampoli.it\/?page_id=22765\" \/>\n<meta property=\"og:locale\" content=\"it_IT\" \/>\n<meta property=\"og:type\" content=\"article\" \/>\n<meta property=\"og:title\" content=\"Dove siamo\" \/>\n<meta property=\"og:url\" content=\"https:\/\/www.vitascampoli.it\/?page_id=22765\" \/>\n<meta property=\"og:site_name\" content=\"VitaScampoli\" \/>\n<meta property=\"article:publisher\" content=\"https:\/\/www.facebook.com\/Vitascampoli\" \/>\n<meta property=\"article:modified_time\" content=\"2025-06-20T18:46:31+00:00\" \/>\n<meta name=\"twitter:label1\" content=\"Tempo di lettura stimato\" \/>\n\t<meta name=\"twitter:data1\" content=\"1 minuto\" \/>\n<script type=\"application\/ld+json\" class=\"yoast-schema-graph\">{\"@context\":\"https:\\\/\\\/schema.org\",\"@graph\":[{\"@type\":\"WebPage\",\"@id\":\"https:\\\/\\\/www.vitascampoli.it\\\/?page_id=22765\",\"url\":\"https:\\\/\\\/www.vitascampoli.it\\\/?page_id=22765\",\"name\":\"Dove siamo - VitaScampoli\",\"isPartOf\":{\"@id\":\"https:\\\/\\\/www.vitascampoli.it\\\/#website\"},\"datePublished\":\"2023-07-21T07:20:06+00:00\",\"dateModified\":\"2025-06-20T18:46:31+00:00\",\"breadcrumb\":{\"@id\":\"https:\\\/\\\/www.vitascampoli.it\\\/?page_id=22765#breadcrumb\"},\"inLanguage\":\"it-IT\",\"potentialAction\":[{\"@type\":\"ReadAction\",\"target\":[\"https:\\\/\\\/www.vitascampoli.it\\\/?page_id=22765\"]}]},{\"@type\":\"BreadcrumbList\",\"@id\":\"https:\\\/\\\/www.vitascampoli.it\\\/?page_id=22765#breadcrumb\",\"itemListElement\":[{\"@type\":\"ListItem\",\"position\":1,\"name\":\"Home\",\"item\":\"https:\\\/\\\/www.vitascampoli.it\\\/\"},{\"@type\":\"ListItem\",\"position\":2,\"name\":\"Dove siamo\"}]},{\"@type\":\"WebSite\",\"@id\":\"https:\\\/\\\/www.vitascampoli.it\\\/#website\",\"url\":\"https:\\\/\\\/www.vitascampoli.it\\\/\",\"name\":\"VitaScampoli\",\"description\":\"Scampoli e tessuti  per  Abbigliamento e arredamento\",\"publisher\":{\"@id\":\"https:\\\/\\\/www.vitascampoli.it\\\/#organization\"},\"potentialAction\":[{\"@type\":\"SearchAction\",\"target\":{\"@type\":\"EntryPoint\",\"urlTemplate\":\"https:\\\/\\\/www.vitascampoli.it\\\/?s={search_term_string}\"},\"query-input\":{\"@type\":\"PropertyValueSpecification\",\"valueRequired\":true,\"valueName\":\"search_term_string\"}}],\"inLanguage\":\"it-IT\"},{\"@type\":\"Organization\",\"@id\":\"https:\\\/\\\/www.vitascampoli.it\\\/#organization\",\"name\":\"Vitascampoli\",\"url\":\"https:\\\/\\\/www.vitascampoli.it\\\/\",\"logo\":{\"@type\":\"ImageObject\",\"inLanguage\":\"it-IT\",\"@id\":\"https:\\\/\\\/www.vitascampoli.it\\\/#\\\/schema\\\/logo\\\/image\\\/\",\"url\":\"https:\\\/\\\/www.vitascampoli.it\\\/wp-content\\\/uploads\\\/2020\\\/10\\\/logo-mod.-e1605474552630.jpg\",\"contentUrl\":\"https:\\\/\\\/www.vitascampoli.it\\\/wp-content\\\/uploads\\\/2020\\\/10\\\/logo-mod.-e1605474552630.jpg\",\"width\":700,\"height\":163,\"caption\":\"Vitascampoli\"},\"image\":{\"@id\":\"https:\\\/\\\/www.vitascampoli.it\\\/#\\\/schema\\\/logo\\\/image\\\/\"},\"sameAs\":[\"https:\\\/\\\/www.facebook.com\\\/Vitascampoli\"]}]}<\/script>\n<!-- \/ Yoast SEO Premium plugin. -->","yoast_head_json":{"title":"Dove siamo - VitaScampoli","robots":{"index":"index","follow":"follow","max-snippet":"max-snippet:-1","max-image-preview":"max-image-preview:large","max-video-preview":"max-video-preview:-1"},"canonical":"https:\/\/www.vitascampoli.it\/?page_id=22765","og_locale":"it_IT","og_type":"article","og_title":"Dove siamo","og_url":"https:\/\/www.vitascampoli.it\/?page_id=22765","og_site_name":"VitaScampoli","article_publisher":"https:\/\/www.facebook.com\/Vitascampoli","article_modified_time":"2025-06-20T18:46:31+00:00","twitter_misc":{"Tempo di lettura stimato":"1 minuto"},"schema":{"@context":"https:\/\/schema.org","@graph":[{"@type":"WebPage","@id":"https:\/\/www.vitascampoli.it\/?page_id=22765","url":"https:\/\/www.vitascampoli.it\/?page_id=22765","name":"Dove siamo - VitaScampoli","isPartOf":{"@id":"https:\/\/www.vitascampoli.it\/#website"},"datePublished":"2023-07-21T07:20:06+00:00","dateModified":"2025-06-20T18:46:31+00:00","breadcrumb":{"@id":"https:\/\/www.vitascampoli.it\/?page_id=22765#breadcrumb"},"inLanguage":"it-IT","potentialAction":[{"@type":"ReadAction","target":["https:\/\/www.vitascampoli.it\/?page_id=22765"]}]},{"@type":"BreadcrumbList","@id":"https:\/\/www.vitascampoli.it\/?page_id=22765#breadcrumb","itemListElement":[{"@type":"ListItem","position":1,"name":"Home","item":"https:\/\/www.vitascampoli.it\/"},{"@type":"ListItem","position":2,"name":"Dove siamo"}]},{"@type":"WebSite","@id":"https:\/\/www.vitascampoli.it\/#website","url":"https:\/\/www.vitascampoli.it\/","name":"VitaScampoli","description":"Scampoli e tessuti  per  Abbigliamento e arredamento","publisher":{"@id":"https:\/\/www.vitascampoli.it\/#organization"},"potentialAction":[{"@type":"SearchAction","target":{"@type":"EntryPoint","urlTemplate":"https:\/\/www.vitascampoli.it\/?s={search_term_string}"},"query-input":{"@type":"PropertyValueSpecification","valueRequired":true,"valueName":"search_term_string"}}],"inLanguage":"it-IT"},{"@type":"Organization","@id":"https:\/\/www.vitascampoli.it\/#organization","name":"Vitascampoli","url":"https:\/\/www.vitascampoli.it\/","logo":{"@type":"ImageObject","inLanguage":"it-IT","@id":"https:\/\/www.vitascampoli.it\/#\/schema\/logo\/image\/","url":"https:\/\/www.vitascampoli.it\/wp-content\/uploads\/2020\/10\/logo-mod.-e1605474552630.jpg","contentUrl":"https:\/\/www.vitascampoli.it\/wp-content\/uploads\/2020\/10\/logo-mod.-e1605474552630.jpg","width":700,"height":163,"caption":"Vitascampoli"},"image":{"@id":"https:\/\/www.vitascampoli.it\/#\/schema\/logo\/image\/"},"sameAs":["https:\/\/www.facebook.com\/Vitascampoli"]}]}},"_links":{"self":[{"href":"https:\/\/www.vitascampoli.it\/index.php?rest_route=\/wp\/v2\/pages\/22765","targetHints":{"allow":["GET"]}}],"collection":[{"href":"https:\/\/www.vitascampoli.it\/index.php?rest_route=\/wp\/v2\/pages"}],"about":[{"href":"https:\/\/www.vitascampoli.it\/index.php?rest_route=\/wp\/v2\/types\/page"}],"author":[{"embeddable":true,"href":"https:\/\/www.vitascampoli.it\/index.php?rest_route=\/wp\/v2\/users\/1"}],"replies":[{"embeddable":true,"href":"https:\/\/www.vitascampoli.it\/index.php?rest_route=%2Fwp%2Fv2%2Fcomments&post=22765"}],"version-history":[{"count":0,"href":"https:\/\/www.vitascampoli.it\/index.php?rest_route=\/wp\/v2\/pages\/22765\/revisions"}],"wp:attachment":[{"href":"https:\/\/www.vitascampoli.it\/index.php?rest_route=%2Fwp%2Fv2%2Fmedia&parent=22765"}],"curies":[{"name":"wp","href":"https:\/\/api.w.org\/{rel}","templated":true}]}}